{"id":934,"date":"2022-10-13T14:06:40","date_gmt":"2022-10-13T14:06:40","guid":{"rendered":"https:\/\/www.cadeau-idee.be\/over-ons\/"},"modified":"2025-08-27T07:27:27","modified_gmt":"2025-08-27T07:27:27","slug":"over-ons","status":"publish","type":"page","link":"https:\/\/www.cadeau-idee.be\/nl\/over-ons\/","title":{"rendered":"Over ons"},"content":{"rendered":"<p>[et_pb_section fb_built=&#8221;1&#8243; admin_label=&#8221;Header&#8221; _builder_version=&#8221;4.18.0&#8243; _module_preset=&#8221;default&#8221; background_color=&#8221;#F8F7F1&#8243; background_image=&#8221;https:\/\/www.cadeau-idee.be\/wp-content\/uploads\/2022\/10\/idee-cadeau-a-propos.jpg&#8221; background_position=&#8221;center_left&#8221; min_height=&#8221;470px&#8221; bottom_divider_style=&#8221;asymmetric&#8221; bottom_divider_color=&#8221;#f8f7f1&#8243; bottom_divider_height=&#8221;22vw&#8221; bottom_divider_repeat=&#8221;1x&#8221; bottom_divider_height_tablet=&#8221;150px&#8221; bottom_divider_height_phone=&#8221;100px&#8221; bottom_divider_height_last_edited=&#8221;on|phone&#8221; global_colors_info=&#8221;{}&#8221;][et_pb_row column_structure=&#8221;2_3,1_3&#8243; _builder_version=&#8221;4.18.0&#8243; _module_preset=&#8221;default&#8221; custom_margin=&#8221;||||false|false&#8221; custom_padding=&#8221;||||false|false&#8221; global_colors_info=&#8221;{}&#8221;][et_pb_column type=&#8221;2_3&#8243; _builder_version=&#8221;4.16&#8243; _module_preset=&#8221;default&#8221; global_colors_info=&#8221;{}&#8221;][et_pb_text _builder_version=&#8221;4.18.0&#8243; _module_preset=&#8221;6a48880d-e346-4041-8c73-0aabd824de57&#8243; custom_margin=&#8221;||||false|false&#8221; custom_padding=&#8221;||||false|false&#8221; hover_enabled=&#8221;0&#8243; global_colors_info=&#8221;{}&#8221; sticky_enabled=&#8221;0&#8243;]<\/p>\n<h1>Over onze site Cadeau-idee\u00ebn<\/h1>\n<p>[\/et_pb_text][\/et_pb_column][et_pb_column type=&#8221;1_3&#8243; _builder_version=&#8221;4.16&#8243; _module_preset=&#8221;default&#8221; global_colors_info=&#8221;{}&#8221;][\/et_pb_column][\/et_pb_row][\/et_pb_section][et_pb_section fb_built=&#8221;1&#8243; admin_label=&#8221;Features&#8221; _builder_version=&#8221;4.18.0&#8243; _module_preset=&#8221;default&#8221; background_color=&#8221;#F8F7F1&#8243; background_enable_image=&#8221;off&#8221; background_position=&#8221;top_center&#8221; background_enable_mask_style=&#8221;on&#8221; background_mask_style=&#8221;corner-square&#8221; background_mask_transform=&#8221;flip_vertical|flip_horizontal|invert&#8221; background_mask_aspect_ratio=&#8221;square&#8221; custom_margin=&#8221;||||false|false&#8221; custom_padding=&#8221;33px||80px||false|false&#8221; global_colors_info=&#8221;{}&#8221;][et_pb_row column_structure=&#8221;1_3,2_3&#8243; _builder_version=&#8221;4.27.4&#8243; _module_preset=&#8221;default&#8221; custom_padding=&#8221;||50px||false|false&#8221; hover_enabled=&#8221;0&#8243; global_colors_info=&#8221;{}&#8221; sticky_enabled=&#8221;0&#8243;][et_pb_column type=&#8221;1_3&#8243; _builder_version=&#8221;4.18.0&#8243; _module_preset=&#8221;default&#8221; global_colors_info=&#8221;{}&#8221;][et_pb_image _builder_version=&#8221;4.27.4&#8243; _module_preset=&#8221;default&#8221; alt=&#8221;carine de redime&#8221; title_text=&#8221;carine de r\u00e9dime -nb&#8221; src=&#8221;https:\/\/www.cadeau-idee.be\/wp-content\/uploads\/2025\/08\/carine-de-redime-nb.jpg&#8221; hover_enabled=&#8221;0&#8243; sticky_enabled=&#8221;0&#8243;][\/et_pb_image][\/et_pb_column][et_pb_column type=&#8221;2_3&#8243; _builder_version=&#8221;4.18.0&#8243; _module_preset=&#8221;default&#8221; global_colors_info=&#8221;{}&#8221;][et_pb_text _builder_version=&#8221;4.27.4&#8243; _module_preset=&#8221;6a48880d-e346-4041-8c73-0aabd824de57&#8243; hover_enabled=&#8221;0&#8243; global_colors_info=&#8221;{}&#8221; sticky_enabled=&#8221;0&#8243;]<\/p>\n<h2 style=\"text-align: left;\">Wat ben ik?<\/h2>\n<p data-start=\"30\" data-end=\"140\">Welkom op <strong data-start=\"44\" data-end=\"62\">Cadeau-id\u00e9e.be<\/strong>, de blog die je helpt <strong data-start=\"88\" data-end=\"136\">het perfecte cadeau te vinden zonder kopzorgen<\/strong>!<\/p>\n<p data-start=\"101\" data-end=\"629\">Ik ben Carine van R\u00e9dime, <strong>gepassioneerd door evenementen en cadeau-idee\u00ebn<\/strong>, gespecialiseerd in het organiseren van babyshowers en het vinden van originele cadeaus. Met mijn jarenlange ervaring in de evenementenbranche combineer ik mijn expertise in het <strong>cre\u00ebren van memorabele evenementen<\/strong> met een echte passie voor gepersonaliseerde en betekenisvolle <strong>geschenken<\/strong>. Ze is ook auteur voor &#8220;babyshowers.be&#8221;, een platform dat lezers helpt bij het organiseren van de perfecte babyshower.  <\/p>\n<p data-start=\"631\" data-end=\"1086\">Met een diploma in evenementenmanagement van de universiteit van Parijs begon ik mijn carri\u00e8re als organisator van evenementen voordat ik me ging richten op babyshowers, een vakgebied waarin ik uitblink dankzij mijn <strong>creatieve<\/strong> en zorgzame <strong>aanpak<\/strong>. In de loop der jaren heb ik mijn vaardigheden op het gebied van eventmanagement kunnen combineren met mijn passie voor cadeaus om praktische, ontroerende en soms zelfs verrassende idee\u00ebn te bedenken voor speciale momenten. <\/p>\n<p data-start=\"142\" data-end=\"419\">Ik weet hoe ingewikkeld het kan zijn om <strong data-start=\"202\" data-end=\"235\">een origineel en passend idee<\/strong> te bedenken voor iemand die je dierbaar is. Of het nu voor een verjaardag, Kerstmis, Moederdag of gewoon om iemand een plezier te doen is, we zijn vaak op zoek naar inspiratie&#8230; en uiteindelijk hebben we geen tijd of idee\u00ebn meer. <\/p>\n<p data-start=\"421\" data-end=\"655\">Daarom heb ik <strong data-start=\"465\" data-end=\"483\">Cadeau-id\u00e9e.be<\/strong> opgericht: een blog <strong data-start=\"494\" data-end=\"534\">die 100% gewijd is aan leuke cadeau-idee\u00ebn<\/strong>.  <\/p>\n<ul>\n<li><strong data-start=\"660\" data-end=\"711\">Advies en inspiratie zonder hoofdpijn<\/strong><\/li>\n<li><strong data-start=\"717\" data-end=\"765\">Geen winstoogmerk, alleen het plezier van helpen<\/strong><\/li>\n<li><strong data-start=\"771\" data-end=\"838\">Een verscheidenheid aan idee\u00ebn voor alle budgetten en gelegenheden<\/strong><\/li>\n<\/ul>\n<p data-start=\"982\" data-end=\"1040\" data-is-last-node=\"\" data-is-only-node=\"\">Bekijk dus snel onze artikelen en laat je inspireren!  <\/p>\n<p>[\/et_pb_text][\/et_pb_column][\/et_pb_row][\/et_pb_section][et_pb_section fb_built=&#8221;1&#8243; admin_label=&#8221;Footer&#8221; _builder_version=&#8221;4.18.0&#8243; _module_preset=&#8221;default&#8221; background_color=&#8221;#F8F7F1&#8243; custom_margin=&#8221;||||false|false&#8221; custom_padding=&#8221;0px||0px||false|false&#8221; saved_tabs=&#8221;all&#8221; locked=&#8221;off&#8221; global_colors_info=&#8221;{}&#8221;][et_pb_row column_structure=&#8221;1_2,1_2&#8243; use_custom_gutter=&#8221;on&#8221; gutter_width=&#8221;1&#8243; make_equal=&#8221;on&#8221; _builder_version=&#8221;4.18.0&#8243; _module_preset=&#8221;default&#8221; width=&#8221;100%&#8221; max_width=&#8221;100%&#8221; min_height=&#8221;500px&#8221; custom_padding=&#8221;0px||||false|false&#8221; global_colors_info=&#8221;{}&#8221;][et_pb_column type=&#8221;1_2&#8243; _builder_version=&#8221;4.18.0&#8243; _module_preset=&#8221;default&#8221; background_image=&#8221;https:\/\/www.cadeau-idee.be\/wp-content\/uploads\/2022\/10\/offrir-cadeau.jpeg&#8221; custom_padding_tablet=&#8221;180px||180px||true|false&#8221; custom_padding_phone=&#8221;120px||120px||true|false&#8221; custom_padding_last_edited=&#8221;on|phone&#8221; global_colors_info=&#8221;{}&#8221;][\/et_pb_column][et_pb_column type=&#8221;1_2&#8243; _builder_version=&#8221;4.16&#8243; _module_preset=&#8221;default&#8221; background_color=&#8221;#84DBDA&#8221; custom_padding=&#8221;100px|100px|100px|100px|true|true&#8221; custom_padding_tablet=&#8221;80px|80px|80px|80px|true|true&#8221; custom_padding_phone=&#8221;40px|40px|40px|40px|true|true&#8221; custom_padding_last_edited=&#8221;on|phone&#8221; global_colors_info=&#8221;{}&#8221;][et_pb_text _builder_version=&#8221;4.18.0&#8243; _module_preset=&#8221;6a48880d-e346-4041-8c73-0aabd824de57&#8243; max_width=&#8221;500px&#8221; module_alignment=&#8221;center&#8221; custom_margin=&#8221;||35px||false|false&#8221; global_colors_info=&#8221;{}&#8221;]<\/p>\n<h2>Vind het cadeau dat zeker in de smaak zal vallen!<\/h2>\n<p>[\/et_pb_text][et_pb_button button_url=&#8221;https:\/\/www.cadeau-idee.be\/nl\/alle-ideeen\/&#8221; button_text=&#8221;Ontdek al onze geschenken&#8221; button_alignment=&#8221;center&#8221; _builder_version=&#8221;4.27.4&#8243; _module_preset=&#8221;c903df1a-bc34-40cc-9c3d-aac607f660f6&#8243; custom_button=&#8221;on&#8221; button_text_size=&#8221;18px&#8221; button_text_color=&#8221;#000000&#8243; button_bg_color=&#8221;#F5CEE6&#8243; button_border_width=&#8221;0px&#8221; button_border_color=&#8221;#FFFFFF&#8221; button_border_radius=&#8221;100px&#8221; button_font=&#8221;Quicksand|700|||||||&#8221; button_use_icon=&#8221;off&#8221; custom_padding=&#8221;16px|30px|16px|30px|true|true&#8221; custom_padding_tablet=&#8221;14px|25px|14px|25px|true|true&#8221; custom_padding_phone=&#8221;12px|25px|12px|25px|true|true&#8221; custom_padding_last_edited=&#8221;on|phone&#8221; hover_enabled=&#8221;0&#8243; button_text_size_tablet=&#8221;16px&#8221; button_text_size_phone=&#8221;14px&#8221; button_text_size_last_edited=&#8221;on|phone&#8221; global_colors_info=&#8221;{%22gcid-e71f445a-3391-4716-9621-e43313d798f1%22:%91%22button_bg_color__hover%22%93}&#8221; button_bg_color__hover=&#8221;#ffed5b&#8221; button_bg_color__hover_enabled=&#8221;on|hover&#8221; button_bg_enable_color__hover=&#8221;on&#8221; sticky_enabled=&#8221;0&#8243;][\/et_pb_button][\/et_pb_column][\/et_pb_row][\/et_pb_section]<\/p>\n","protected":false},"excerpt":{"rendered":"<p>Over onze site Cadeau-idee\u00ebnWat ben ik? Welkom op Cadeau-id\u00e9e.be, de blog die je helpt het perfecte cadeau te vinden zonder kopzorgen! Ik ben Carine van R\u00e9dime, gepassioneerd door evenementen en cadeau-idee\u00ebn, gespecialiseerd in het organiseren van babyshowers en het vinden van originele cadeaus. Met mijn jarenlange ervaring in de evenementenbranche combineer ik mijn expertise in [&hellip;]<\/p>\n","protected":false},"author":6,"featured_media":0,"parent":0,"menu_order":0,"comment_status":"closed","ping_status":"closed","template":"","meta":{"_et_pb_use_builder":"on","_et_pb_old_content":"","_et_gb_content_width":"","footnotes":""},"class_list":["post-934","page","type-page","status-publish","hentry"],"yoast_head":"<!-- This site is optimized with the Yoast SEO plugin v27.5 - https:\/\/yoast.com\/product\/yoast-seo-wordpress\/ -->\n<title>Over Carine: gepassioneerd door originele cadeau-idee\u00ebn<\/title>\n<meta name=\"description\" content=\"Ontdek meer over Carine, de ontwerpster van Cadeau-id\u00e9e.be, en haar passie voor unieke geschenken en onvergetelijke evenementen!\" \/>\n<meta name=\"robots\" content=\"index, follow, max-snippet:-1, max-image-preview:large, max-video-preview:-1\" \/>\n<link rel=\"canonical\" href=\"https:\/\/www.cadeau-idee.be\/nl\/over-ons\/\" \/>\n<meta property=\"og:locale\" content=\"nl_NL\" \/>\n<meta property=\"og:type\" content=\"article\" \/>\n<meta property=\"og:title\" content=\"Over Carine: gepassioneerd door originele cadeau-idee\u00ebn\" \/>\n<meta property=\"og:description\" content=\"Ontdek meer over Carine, de ontwerpster van Cadeau-id\u00e9e.be, en haar passie voor unieke geschenken en onvergetelijke evenementen!\" \/>\n<meta property=\"og:url\" content=\"https:\/\/www.cadeau-idee.be\/nl\/over-ons\/\" \/>\n<meta property=\"og:site_name\" content=\"Cadeau Id\u00e9e\" \/>\n<meta property=\"article:modified_time\" content=\"2025-08-27T07:27:27+00:00\" \/>\n<meta name=\"twitter:card\" content=\"summary_large_image\" \/>\n<meta name=\"twitter:label1\" content=\"Geschatte leestijd\" \/>\n\t<meta name=\"twitter:data1\" content=\"5 minuten\" \/>\n<script type=\"application\/ld+json\" class=\"yoast-schema-graph\">{\"@context\":\"https:\\\/\\\/schema.org\",\"@graph\":[{\"@type\":\"WebPage\",\"@id\":\"https:\\\/\\\/www.cadeau-idee.be\\\/nl\\\/over-ons\\\/\",\"url\":\"https:\\\/\\\/www.cadeau-idee.be\\\/nl\\\/over-ons\\\/\",\"name\":\"Over Carine: gepassioneerd door originele cadeau-idee\u00ebn\",\"isPartOf\":{\"@id\":\"https:\\\/\\\/www.cadeau-idee.be\\\/nl\\\/#website\"},\"datePublished\":\"2022-10-13T14:06:40+00:00\",\"dateModified\":\"2025-08-27T07:27:27+00:00\",\"description\":\"Ontdek meer over Carine, de ontwerpster van Cadeau-id\u00e9e.be, en haar passie voor unieke geschenken en onvergetelijke evenementen!\",\"breadcrumb\":{\"@id\":\"https:\\\/\\\/www.cadeau-idee.be\\\/nl\\\/over-ons\\\/#breadcrumb\"},\"inLanguage\":\"nl-NL\",\"potentialAction\":[{\"@type\":\"ReadAction\",\"target\":[\"https:\\\/\\\/www.cadeau-idee.be\\\/nl\\\/over-ons\\\/\"]}]},{\"@type\":\"BreadcrumbList\",\"@id\":\"https:\\\/\\\/www.cadeau-idee.be\\\/nl\\\/over-ons\\\/#breadcrumb\",\"itemListElement\":[{\"@type\":\"ListItem\",\"position\":1,\"name\":\"Accueil\",\"item\":\"https:\\\/\\\/www.cadeau-idee.be\\\/nl\\\/home\\\/\"},{\"@type\":\"ListItem\",\"position\":2,\"name\":\"Over ons\"}]},{\"@type\":\"WebSite\",\"@id\":\"https:\\\/\\\/www.cadeau-idee.be\\\/nl\\\/#website\",\"url\":\"https:\\\/\\\/www.cadeau-idee.be\\\/nl\\\/\",\"name\":\"Cadeau Id\u00e9e\",\"description\":\"Les meilleures id\u00e9es de cadeaux\",\"publisher\":{\"@id\":\"https:\\\/\\\/www.cadeau-idee.be\\\/nl\\\/#organization\"},\"potentialAction\":[{\"@type\":\"SearchAction\",\"target\":{\"@type\":\"EntryPoint\",\"urlTemplate\":\"https:\\\/\\\/www.cadeau-idee.be\\\/nl\\\/?s={search_term_string}\"},\"query-input\":{\"@type\":\"PropertyValueSpecification\",\"valueRequired\":true,\"valueName\":\"search_term_string\"}}],\"inLanguage\":\"nl-NL\"},{\"@type\":\"Organization\",\"@id\":\"https:\\\/\\\/www.cadeau-idee.be\\\/nl\\\/#organization\",\"name\":\"Cadeau Id\u00e9e\",\"url\":\"https:\\\/\\\/www.cadeau-idee.be\\\/nl\\\/\",\"logo\":{\"@type\":\"ImageObject\",\"inLanguage\":\"nl-NL\",\"@id\":\"https:\\\/\\\/www.cadeau-idee.be\\\/nl\\\/#\\\/schema\\\/logo\\\/image\\\/\",\"url\":\"https:\\\/\\\/www.cadeau-idee.be\\\/wp-content\\\/uploads\\\/2022\\\/09\\\/spices.webp\",\"contentUrl\":\"https:\\\/\\\/www.cadeau-idee.be\\\/wp-content\\\/uploads\\\/2022\\\/09\\\/spices.webp\",\"width\":1600,\"height\":1067,\"caption\":\"Cadeau Id\u00e9e\"},\"image\":{\"@id\":\"https:\\\/\\\/www.cadeau-idee.be\\\/nl\\\/#\\\/schema\\\/logo\\\/image\\\/\"}}]}<\/script>\n<!-- \/ Yoast SEO plugin. -->","yoast_head_json":{"title":"Over Carine: gepassioneerd door originele cadeau-idee\u00ebn","description":"Ontdek meer over Carine, de ontwerpster van Cadeau-id\u00e9e.be, en haar passie voor unieke geschenken en onvergetelijke evenementen!","robots":{"index":"index","follow":"follow","max-snippet":"max-snippet:-1","max-image-preview":"max-image-preview:large","max-video-preview":"max-video-preview:-1"},"canonical":"https:\/\/www.cadeau-idee.be\/nl\/over-ons\/","og_locale":"nl_NL","og_type":"article","og_title":"Over Carine: gepassioneerd door originele cadeau-idee\u00ebn","og_description":"Ontdek meer over Carine, de ontwerpster van Cadeau-id\u00e9e.be, en haar passie voor unieke geschenken en onvergetelijke evenementen!","og_url":"https:\/\/www.cadeau-idee.be\/nl\/over-ons\/","og_site_name":"Cadeau Id\u00e9e","article_modified_time":"2025-08-27T07:27:27+00:00","twitter_card":"summary_large_image","twitter_misc":{"Geschatte leestijd":"5 minuten"},"schema":{"@context":"https:\/\/schema.org","@graph":[{"@type":"WebPage","@id":"https:\/\/www.cadeau-idee.be\/nl\/over-ons\/","url":"https:\/\/www.cadeau-idee.be\/nl\/over-ons\/","name":"Over Carine: gepassioneerd door originele cadeau-idee\u00ebn","isPartOf":{"@id":"https:\/\/www.cadeau-idee.be\/nl\/#website"},"datePublished":"2022-10-13T14:06:40+00:00","dateModified":"2025-08-27T07:27:27+00:00","description":"Ontdek meer over Carine, de ontwerpster van Cadeau-id\u00e9e.be, en haar passie voor unieke geschenken en onvergetelijke evenementen!","breadcrumb":{"@id":"https:\/\/www.cadeau-idee.be\/nl\/over-ons\/#breadcrumb"},"inLanguage":"nl-NL","potentialAction":[{"@type":"ReadAction","target":["https:\/\/www.cadeau-idee.be\/nl\/over-ons\/"]}]},{"@type":"BreadcrumbList","@id":"https:\/\/www.cadeau-idee.be\/nl\/over-ons\/#breadcrumb","itemListElement":[{"@type":"ListItem","position":1,"name":"Accueil","item":"https:\/\/www.cadeau-idee.be\/nl\/home\/"},{"@type":"ListItem","position":2,"name":"Over ons"}]},{"@type":"WebSite","@id":"https:\/\/www.cadeau-idee.be\/nl\/#website","url":"https:\/\/www.cadeau-idee.be\/nl\/","name":"Cadeau Id\u00e9e","description":"Les meilleures id\u00e9es de cadeaux","publisher":{"@id":"https:\/\/www.cadeau-idee.be\/nl\/#organization"},"potentialAction":[{"@type":"SearchAction","target":{"@type":"EntryPoint","urlTemplate":"https:\/\/www.cadeau-idee.be\/nl\/?s={search_term_string}"},"query-input":{"@type":"PropertyValueSpecification","valueRequired":true,"valueName":"search_term_string"}}],"inLanguage":"nl-NL"},{"@type":"Organization","@id":"https:\/\/www.cadeau-idee.be\/nl\/#organization","name":"Cadeau Id\u00e9e","url":"https:\/\/www.cadeau-idee.be\/nl\/","logo":{"@type":"ImageObject","inLanguage":"nl-NL","@id":"https:\/\/www.cadeau-idee.be\/nl\/#\/schema\/logo\/image\/","url":"https:\/\/www.cadeau-idee.be\/wp-content\/uploads\/2022\/09\/spices.webp","contentUrl":"https:\/\/www.cadeau-idee.be\/wp-content\/uploads\/2022\/09\/spices.webp","width":1600,"height":1067,"caption":"Cadeau Id\u00e9e"},"image":{"@id":"https:\/\/www.cadeau-idee.be\/nl\/#\/schema\/logo\/image\/"}}]}},"jetpack_sharing_enabled":true,"jetpack-related-posts":[{"id":305,"url":"https:\/\/www.cadeau-idee.be\/contact\/","url_meta":{"origin":934,"position":0},"title":"Contact","author":"james","date":"26 september 2022","format":false,"excerpt":"","rel":"","context":"Soortgelijk bericht","block_context":{"text":"Soortgelijk bericht","link":""},"img":{"alt_text":"","src":"","width":0,"height":0},"classes":[]},{"id":945,"url":"https:\/\/www.cadeau-idee.be\/nl\/neem-contact-op-met\/","url_meta":{"origin":934,"position":1},"title":"Neem contact op met","author":"james","date":"26 september 2022","format":false,"excerpt":"","rel":"","context":"Soortgelijk bericht","block_context":{"text":"Soortgelijk bericht","link":""},"img":{"alt_text":"","src":"","width":0,"height":0},"classes":[]},{"id":575,"url":"https:\/\/www.cadeau-idee.be\/tous-les-idees\/","url_meta":{"origin":934,"position":2},"title":"Tous les id\u00e9es","author":"admin","date":"14 maart 2025","format":false,"excerpt":"","rel":"","context":"Soortgelijk bericht","block_context":{"text":"Soortgelijk bericht","link":""},"img":{"alt_text":"","src":"","width":0,"height":0},"classes":[]},{"id":931,"url":"https:\/\/www.cadeau-idee.be\/nl\/alle-ideeen\/","url_meta":{"origin":934,"position":3},"title":"Alle idee\u00ebn","author":"admin","date":"14 maart 2025","format":false,"excerpt":"","rel":"","context":"Soortgelijk bericht","block_context":{"text":"Soortgelijk bericht","link":""},"img":{"alt_text":"","src":"","width":0,"height":0},"classes":[]},{"id":2,"url":"https:\/\/www.cadeau-idee.be\/accueil\/","url_meta":{"origin":934,"position":4},"title":"Accueil","author":"admin","date":"21 september 2022","format":false,"excerpt":"","rel":"","context":"Soortgelijk bericht","block_context":{"text":"Soortgelijk bericht","link":""},"img":{"alt_text":"","src":"","width":0,"height":0},"classes":[]},{"id":956,"url":"https:\/\/www.cadeau-idee.be\/nl\/","url_meta":{"origin":934,"position":5},"title":"Home","author":"admin","date":"21 september 2022","format":false,"excerpt":"","rel":"","context":"Soortgelijk bericht","block_context":{"text":"Soortgelijk bericht","link":""},"img":{"alt_text":"","src":"","width":0,"height":0},"classes":[]}],"_links":{"self":[{"href":"https:\/\/www.cadeau-idee.be\/nl\/wp-json\/wp\/v2\/pages\/934","targetHints":{"allow":["GET"]}}],"collection":[{"href":"https:\/\/www.cadeau-idee.be\/nl\/wp-json\/wp\/v2\/pages"}],"about":[{"href":"https:\/\/www.cadeau-idee.be\/nl\/wp-json\/wp\/v2\/types\/page"}],"author":[{"embeddable":true,"href":"https:\/\/www.cadeau-idee.be\/nl\/wp-json\/wp\/v2\/users\/6"}],"replies":[{"embeddable":true,"href":"https:\/\/www.cadeau-idee.be\/nl\/wp-json\/wp\/v2\/comments?post=934"}],"version-history":[{"count":11,"href":"https:\/\/www.cadeau-idee.be\/nl\/wp-json\/wp\/v2\/pages\/934\/revisions"}],"predecessor-version":[{"id":1138,"href":"https:\/\/www.cadeau-idee.be\/nl\/wp-json\/wp\/v2\/pages\/934\/revisions\/1138"}],"wp:attachment":[{"href":"https:\/\/www.cadeau-idee.be\/nl\/wp-json\/wp\/v2\/media?parent=934"}],"curies":[{"name":"wp","href":"https:\/\/api.w.org\/{rel}","templated":true}]}}